{"id":240,"date":"2024-08-12T16:08:12","date_gmt":"2024-08-12T14:08:12","guid":{"rendered":"https:\/\/the--aurelian.com\/?page_id=240"},"modified":"2024-08-12T16:15:22","modified_gmt":"2024-08-12T14:15:22","slug":"the-aurelian-et-son-histoire","status":"publish","type":"page","link":"https:\/\/the--aurelian.com\/?page_id=240","title":{"rendered":"The Aurelian et son histoire"},"content":{"rendered":"\n<p class=\"has-text-align-center\">Bienvenue dans l\u2019univers enchanteur de <strong>The Aurelian<\/strong>, o\u00f9 chaque d\u00e9tail raconte une histoire, o\u00f9 chaque curiosit\u00e9 est une porte ouverte vers l\u2019\u00e9merveillement. Nous sommes bien plus qu\u2019un simple cabinet de curiosit\u00e9s ; nous sommes les gardiens de r\u00e9cits ancestraux, les conteurs d\u2019aventures inoubliables, les artisans de tr\u00e9sors \u00e9thiques et les guides de voyages extraordinaires.<\/p>\n\n\n\n<p><\/p>\n\n\n\n<div class=\"wp-block-columns is-layout-flex wp-container-core-columns-is-layout-28f84493 wp-block-columns-is-layout-flex\">\n<div class=\"wp-block-column is-layout-flow wp-block-column-is-layout-flow\">\n<figure class=\"wp-block-image size-large\"><img loading=\"lazy\" decoding=\"async\" width=\"1475\" height=\"1106\" src=\"https:\/\/the--aurelian.com\/wp-content\/uploads\/2024\/08\/biodiversite1_hd2autr-edited.webp\" alt=\"\" class=\"wp-image-246\" style=\"aspect-ratio:4\/3;object-fit:contain\" srcset=\"https:\/\/the--aurelian.com\/wp-content\/uploads\/2024\/08\/biodiversite1_hd2autr-edited.webp 1475w, https:\/\/the--aurelian.com\/wp-content\/uploads\/2024\/08\/biodiversite1_hd2autr-edited-300x225.webp 300w, https:\/\/the--aurelian.com\/wp-content\/uploads\/2024\/08\/biodiversite1_hd2autr-edited-1024x768.webp 1024w, https:\/\/the--aurelian.com\/wp-content\/uploads\/2024\/08\/biodiversite1_hd2autr-edited-768x576.webp 768w, https:\/\/the--aurelian.com\/wp-content\/uploads\/2024\/08\/biodiversite1_hd2autr-edited-1000x750.webp 1000w, https:\/\/the--aurelian.com\/wp-content\/uploads\/2024\/08\/biodiversite1_hd2autr-edited-747x560.webp 747w, https:\/\/the--aurelian.com\/wp-content\/uploads\/2024\/08\/biodiversite1_hd2autr-edited-600x450.webp 600w\" sizes=\"auto, (max-width: 1475px) 100vw, 1475px\" \/><\/figure>\n\n\n\n<div class=\"wp-block-columns is-layout-flex wp-container-core-columns-is-layout-28f84493 wp-block-columns-is-layout-flex\">\n<div class=\"wp-block-column is-layout-flow wp-block-column-is-layout-flow\">\n<h2 class=\"wp-block-heading has-text-align-center has-medium-font-size\"><a href=\"#\"><strong>Notre engagement autour des papillons<\/strong><\/a><\/h2>\n\n\n\n<p class=\"has-text-align-center has-secondary-color has-text-color\"><strong>The Aurelian<\/strong> est n\u00e9 d\u2019un amour profond pour la nature et l\u2019histoire, une passion ardente pour les papillons, symboles fragiles de la beaut\u00e9 \u00e9ph\u00e9m\u00e8re. Dans notre cabinet de curiosit\u00e9s, chaque pi\u00e8ce est une ode \u00e0 la biodiversit\u00e9, un hommage \u00e0 ces cr\u00e9atures d\u00e9licates qui peuplent notre monde. Nos cr\u00e9ations, uniques et color\u00e9es, sont fa\u00e7onn\u00e9es avec soin dans notre atelier parisien, un lieu o\u00f9 l\u2019artisanat rencontre l\u2019\u00e9thique. Ici, chaque bijou est une \u0153uvre d\u2019art, confectionn\u00e9e \u00e0 partir de vrais papillons et de plantes, sublimant la nature sans jamais la d\u00e9naturer.<\/p>\n\n\n\n<p class=\"has-text-align-center has-secondary-color has-text-color\">Nous nous engageons fermement dans une d\u00e9marche respectueuse de l\u2019environnement. Les papillons qui ornent nos cr\u00e9ations ne sont jamais tu\u00e9s pour leur beaut\u00e9 ; ils sont r\u00e9cup\u00e9r\u00e9s apr\u00e8s leur mort naturelle. Ainsi, en collaboration avec des l\u00e9pidopt\u00e9ristes passionn\u00e9s, nous contribuons \u00e0 la r\u00e9habilitation des esp\u00e8ces menac\u00e9es. Une partie de ces papillons, \u00e9lev\u00e9s avec soin, est rel\u00e2ch\u00e9e dans la nature, redonnant vie \u00e0 des \u00e9cosyst\u00e8mes fragilis\u00e9s. Nos clients deviennent alors, \u00e0 leur mani\u00e8re, des protecteurs de la biodiversit\u00e9, soutenant une cause noble tout en portant une part de cet engagement \u00e9thique.<\/p>\n<\/div>\n<\/div>\n<\/div>\n\n\n\n<div class=\"wp-block-column is-layout-flow wp-block-column-is-layout-flow\">\n<figure class=\"wp-block-image size-full is-resized\"><img loading=\"lazy\" decoding=\"async\" width=\"640\" height=\"480\" src=\"https:\/\/the--aurelian.com\/wp-content\/uploads\/2024\/08\/tea-870x480-1-edited.jpg\" alt=\"\" class=\"wp-image-245\" style=\"aspect-ratio:1.3333333333333333;object-fit:contain;width:529px;height:auto\" srcset=\"https:\/\/the--aurelian.com\/wp-content\/uploads\/2024\/08\/tea-870x480-1-edited.jpg 640w, https:\/\/the--aurelian.com\/wp-content\/uploads\/2024\/08\/tea-870x480-1-edited-300x225.jpg 300w, https:\/\/the--aurelian.com\/wp-content\/uploads\/2024\/08\/tea-870x480-1-edited-600x450.jpg 600w\" sizes=\"auto, (max-width: 640px) 100vw, 640px\" \/><\/figure>\n\n\n\n<h2 class=\"wp-block-heading has-text-align-center has-black-color has-text-color has-medium-font-size\"><a href=\"#\"><strong>Notre engagement autour des excursions<\/strong><\/a><\/h2>\n\n\n\n<p><\/p>\n\n\n\n<p class=\"has-text-align-center has-secondary-color has-text-color\"><strong>The Aurelian<\/strong> est \u00e9galement votre passeport pour des \u00e9vasions merveilleuses. Pour les amoureux des fossiles, de l\u2019Histoire et des origines de la vie, nous avons imagin\u00e9 des circuits au Maroc, une terre o\u00f9 le pass\u00e9 et le pr\u00e9sent se rencontrent dans une harmonie parfaite. L\u00e0, entre montagnes, canyons et d\u00e9sert, nous vous invitons \u00e0 d\u00e9couvrir les myst\u00e8res de la pal\u00e9ontologie et de l\u2019art pari\u00e9tal. Chaque excursion est une immersion totale dans des paysages sauvages et majestueux, guid\u00e9e par des experts locaux qui vous d\u00e9voileront les secrets de leur terre natale.<\/p>\n\n\n\n<p class=\"has-text-align-center has-secondary-color has-text-color\">Notre engagement ne s\u2019arr\u00eate pas \u00e0 la pr\u00e9servation de la nature. Nous avons \u00e0 c\u0153ur de soutenir l\u2019\u00e9conomie locale et de valoriser l\u2019artisanat marocain dans toute sa splendeur. Chaque voyage avec <strong>The Aurelian<\/strong> est une rencontre avec l\u2019authenticit\u00e9, une plong\u00e9e dans la culture et les traditions ancestrales, une aventure qui vous marquera \u00e0 jamais.<\/p>\n<\/div>\n<\/div>\n\n\n\n<p><\/p>\n\n\n\n<p class=\"has-text-align-center\">Entrez dans notre monde, o\u00f9 l\u2019histoire, la science et la nature se rejoignent pour vous offrir une exp\u00e9rience inoubliable. <strong>The Aurelian<\/strong> vous souhaite la bienvenue dans cet univers de merveilles et de d\u00e9couvertes, o\u00f9 chaque instant est une invitation \u00e0 r\u00eaver, \u00e0 explorer et \u00e0 pr\u00e9server ce que la nature a de plus pr\u00e9cieux.<\/p>\n\n\n\n<p><\/p>\n\n\n\n<h2 class=\"wp-block-heading\">Notre \u00e9quipe<\/h2>\n\n\n\n<figure class=\"wp-block-gallery has-nested-images columns-default is-cropped wp-block-gallery-1 is-layout-flex wp-block-gallery-is-layout-flex\">\n<figure class=\"wp-block-image size-large\"><img loading=\"lazy\" decoding=\"async\" width=\"1024\" height=\"1018\" data-id=\"226\" src=\"https:\/\/the--aurelian.com\/wp-content\/uploads\/2024\/08\/IMG_5862-1024x1018.jpg\" alt=\"\" class=\"wp-image-226\" srcset=\"https:\/\/the--aurelian.com\/wp-content\/uploads\/2024\/08\/IMG_5862-1024x1018.jpg 1024w, https:\/\/the--aurelian.com\/wp-content\/uploads\/2024\/08\/IMG_5862-300x298.jpg 300w, https:\/\/the--aurelian.com\/wp-content\/uploads\/2024\/08\/IMG_5862-150x150.jpg 150w, https:\/\/the--aurelian.com\/wp-content\/uploads\/2024\/08\/IMG_5862-768x763.jpg 768w, https:\/\/the--aurelian.com\/wp-content\/uploads\/2024\/08\/IMG_5862-1000x994.jpg 1000w, https:\/\/the--aurelian.com\/wp-content\/uploads\/2024\/08\/IMG_5862-563x560.jpg 563w, https:\/\/the--aurelian.com\/wp-content\/uploads\/2024\/08\/IMG_5862-600x596.jpg 600w, https:\/\/the--aurelian.com\/wp-content\/uploads\/2024\/08\/IMG_5862-200x200.jpg 200w, https:\/\/the--aurelian.com\/wp-content\/uploads\/2024\/08\/IMG_5862.jpg 1179w\" sizes=\"auto, (max-width: 1024px) 100vw, 1024px\" \/><\/figure>\n\n\n\n<figure class=\"wp-block-image size-large\"><img loading=\"lazy\" decoding=\"async\" width=\"1024\" height=\"1012\" data-id=\"224\" src=\"https:\/\/the--aurelian.com\/wp-content\/uploads\/2024\/08\/IMG_5860-1024x1012.jpg\" alt=\"\" class=\"wp-image-224\" srcset=\"https:\/\/the--aurelian.com\/wp-content\/uploads\/2024\/08\/IMG_5860-1024x1012.jpg 1024w, https:\/\/the--aurelian.com\/wp-content\/uploads\/2024\/08\/IMG_5860-300x296.jpg 300w, https:\/\/the--aurelian.com\/wp-content\/uploads\/2024\/08\/IMG_5860-768x759.jpg 768w, https:\/\/the--aurelian.com\/wp-content\/uploads\/2024\/08\/IMG_5860-1000x988.jpg 1000w, https:\/\/the--aurelian.com\/wp-content\/uploads\/2024\/08\/IMG_5860-567x560.jpg 567w, https:\/\/the--aurelian.com\/wp-content\/uploads\/2024\/08\/IMG_5860-600x593.jpg 600w, https:\/\/the--aurelian.com\/wp-content\/uploads\/2024\/08\/IMG_5860.jpg 1179w\" sizes=\"auto, (max-width: 1024px) 100vw, 1024px\" \/><\/figure>\n\n\n\n<figure class=\"wp-block-image size-large\"><img loading=\"lazy\" decoding=\"async\" width=\"1024\" height=\"1014\" data-id=\"225\" src=\"https:\/\/the--aurelian.com\/wp-content\/uploads\/2024\/08\/IMG_5861-1024x1014.jpg\" alt=\"\" class=\"wp-image-225\" srcset=\"https:\/\/the--aurelian.com\/wp-content\/uploads\/2024\/08\/IMG_5861-1024x1014.jpg 1024w, https:\/\/the--aurelian.com\/wp-content\/uploads\/2024\/08\/IMG_5861-300x297.jpg 300w, https:\/\/the--aurelian.com\/wp-content\/uploads\/2024\/08\/IMG_5861-150x150.jpg 150w, https:\/\/the--aurelian.com\/wp-content\/uploads\/2024\/08\/IMG_5861-768x761.jpg 768w, https:\/\/the--aurelian.com\/wp-content\/uploads\/2024\/08\/IMG_5861-1000x991.jpg 1000w, https:\/\/the--aurelian.com\/wp-content\/uploads\/2024\/08\/IMG_5861-565x560.jpg 565w, https:\/\/the--aurelian.com\/wp-content\/uploads\/2024\/08\/IMG_5861-600x594.jpg 600w, https:\/\/the--aurelian.com\/wp-content\/uploads\/2024\/08\/IMG_5861.jpg 1179w\" sizes=\"auto, (max-width: 1024px) 100vw, 1024px\" \/><\/figure>\n<\/figure>\n\n\n\n<p class=\"has-text-align-center\"><strong>Hassan<\/strong>, notre guide sp\u00e9cialiste de l&#8217;Atlas et ses merveilles.<\/p>\n\n\n\n<p><\/p>\n\n\n\n<figure class=\"wp-block-gallery has-nested-images columns-default is-cropped wp-block-gallery-2 is-layout-flex wp-block-gallery-is-layout-flex\">\n<figure class=\"wp-block-image size-large\"><img loading=\"lazy\" decoding=\"async\" width=\"1024\" height=\"1007\" data-id=\"229\" src=\"https:\/\/the--aurelian.com\/wp-content\/uploads\/2024\/08\/IMG_5866-1024x1007.jpg\" alt=\"\" class=\"wp-image-229\" srcset=\"https:\/\/the--aurelian.com\/wp-content\/uploads\/2024\/08\/IMG_5866-1024x1007.jpg 1024w, https:\/\/the--aurelian.com\/wp-content\/uploads\/2024\/08\/IMG_5866-300x295.jpg 300w, https:\/\/the--aurelian.com\/wp-content\/uploads\/2024\/08\/IMG_5866-768x756.jpg 768w, https:\/\/the--aurelian.com\/wp-content\/uploads\/2024\/08\/IMG_5866-1000x984.jpg 1000w, https:\/\/the--aurelian.com\/wp-content\/uploads\/2024\/08\/IMG_5866-569x560.jpg 569w, https:\/\/the--aurelian.com\/wp-content\/uploads\/2024\/08\/IMG_5866-600x590.jpg 600w, https:\/\/the--aurelian.com\/wp-content\/uploads\/2024\/08\/IMG_5866.jpg 1179w\" sizes=\"auto, (max-width: 1024px) 100vw, 1024px\" \/><\/figure>\n\n\n\n<figure class=\"wp-block-image size-large\"><img loading=\"lazy\" decoding=\"async\" width=\"832\" height=\"1024\" data-id=\"227\" src=\"https:\/\/the--aurelian.com\/wp-content\/uploads\/2024\/08\/IMG_5864-832x1024.jpg\" alt=\"\" class=\"wp-image-227\" srcset=\"https:\/\/the--aurelian.com\/wp-content\/uploads\/2024\/08\/IMG_5864-832x1024.jpg 832w, https:\/\/the--aurelian.com\/wp-content\/uploads\/2024\/08\/IMG_5864-244x300.jpg 244w, https:\/\/the--aurelian.com\/wp-content\/uploads\/2024\/08\/IMG_5864-768x945.jpg 768w, https:\/\/the--aurelian.com\/wp-content\/uploads\/2024\/08\/IMG_5864-1000x1231.jpg 1000w, https:\/\/the--aurelian.com\/wp-content\/uploads\/2024\/08\/IMG_5864-455x560.jpg 455w, https:\/\/the--aurelian.com\/wp-content\/uploads\/2024\/08\/IMG_5864-600x738.jpg 600w, https:\/\/the--aurelian.com\/wp-content\/uploads\/2024\/08\/IMG_5864.jpg 1179w\" sizes=\"auto, (max-width: 832px) 100vw, 832px\" \/><\/figure>\n\n\n\n<figure class=\"wp-block-image size-large\"><img loading=\"lazy\" decoding=\"async\" width=\"732\" height=\"1024\" data-id=\"228\" src=\"https:\/\/the--aurelian.com\/wp-content\/uploads\/2024\/08\/IMG_5865-732x1024.jpg\" alt=\"\" class=\"wp-image-228\" srcset=\"https:\/\/the--aurelian.com\/wp-content\/uploads\/2024\/08\/IMG_5865-732x1024.jpg 732w, https:\/\/the--aurelian.com\/wp-content\/uploads\/2024\/08\/IMG_5865-214x300.jpg 214w, https:\/\/the--aurelian.com\/wp-content\/uploads\/2024\/08\/IMG_5865-768x1074.jpg 768w, https:\/\/the--aurelian.com\/wp-content\/uploads\/2024\/08\/IMG_5865-400x560.jpg 400w, https:\/\/the--aurelian.com\/wp-content\/uploads\/2024\/08\/IMG_5865-600x839.jpg 600w, https:\/\/the--aurelian.com\/wp-content\/uploads\/2024\/08\/IMG_5865.jpg 837w\" sizes=\"auto, (max-width: 732px) 100vw, 732px\" \/><\/figure>\n<\/figure>\n\n\n\n<p class=\"has-text-align-center\"><strong>Mohamed<\/strong>, notre explorateur du d\u00e9sert marocain et ses secrets.<\/p>\n\n\n\n<p><\/p>\n\n\n\n<p><\/p>\n","protected":false},"excerpt":{"rendered":"<p>Bienvenue dans l\u2019univers enchanteur de The Aurelian, o\u00f9 chaque d\u00e9tail raconte une histoire, o\u00f9 chaque curiosit\u00e9 est une porte ouverte vers l\u2019\u00e9merveillement. Nous sommes bien plus qu\u2019un simple cabinet de curiosit\u00e9s ; nous sommes les gardiens de r\u00e9cits ancestraux, les conteurs d\u2019aventures inoubliables, les artisans de tr\u00e9sors \u00e9thiques et les [&hellip;]<\/p>\n","protected":false},"author":1,"featured_media":0,"parent":0,"menu_order":0,"comment_status":"closed","ping_status":"closed","template":"","meta":{"_monsterinsights_skip_tracking":false,"_monsterinsights_sitenote_active":false,"_monsterinsights_sitenote_note":"","_monsterinsights_sitenote_category":0,"footnotes":""},"class_list":["post-240","page","type-page","status-publish","hentry"],"jetpack_sharing_enabled":true,"_links":{"self":[{"href":"https:\/\/the--aurelian.com\/index.php?rest_route=\/wp\/v2\/pages\/240","targetHints":{"allow":["GET"]}}],"collection":[{"href":"https:\/\/the--aurelian.com\/index.php?rest_route=\/wp\/v2\/pages"}],"about":[{"href":"https:\/\/the--aurelian.com\/index.php?rest_route=\/wp\/v2\/types\/page"}],"author":[{"embeddable":true,"href":"https:\/\/the--aurelian.com\/index.php?rest_route=\/wp\/v2\/users\/1"}],"replies":[{"embeddable":true,"href":"https:\/\/the--aurelian.com\/index.php?rest_route=%2Fwp%2Fv2%2Fcomments&post=240"}],"version-history":[{"count":3,"href":"https:\/\/the--aurelian.com\/index.php?rest_route=\/wp\/v2\/pages\/240\/revisions"}],"predecessor-version":[{"id":248,"href":"https:\/\/the--aurelian.com\/index.php?rest_route=\/wp\/v2\/pages\/240\/revisions\/248"}],"wp:attachment":[{"href":"https:\/\/the--aurelian.com\/index.php?rest_route=%2Fwp%2Fv2%2Fmedia&parent=240"}],"curies":[{"name":"wp","href":"https:\/\/api.w.org\/{rel}","templated":true}]}}