{"id":7,"date":"2024-07-18T15:14:11","date_gmt":"2024-07-18T13:14:11","guid":{"rendered":"http:\/\/the--aurelian.com\/?page_id=7"},"modified":"2024-08-20T01:21:41","modified_gmt":"2024-08-19T23:21:41","slug":"homepage","status":"publish","type":"page","link":"https:\/\/the--aurelian.com\/","title":{"rendered":"Homepage"},"content":{"rendered":"\n<div class=\"wp-block-cover alignfull is-light\" style=\"min-height:737px;aspect-ratio:unset;\"><span aria-hidden=\"true\" class=\"wp-block-cover__background has-background-dim-0 has-background-dim\"><\/span><img loading=\"lazy\" decoding=\"async\" width=\"2048\" height=\"1560\" class=\"wp-block-cover__image-background wp-image-324\" alt=\"\" src=\"https:\/\/the--aurelian.com\/wp-content\/uploads\/2024\/08\/Photoroom_20240820_010022-2-1.png\" data-object-fit=\"cover\" srcset=\"https:\/\/the--aurelian.com\/wp-content\/uploads\/2024\/08\/Photoroom_20240820_010022-2-1.png 2048w, https:\/\/the--aurelian.com\/wp-content\/uploads\/2024\/08\/Photoroom_20240820_010022-2-1-300x229.png 300w, https:\/\/the--aurelian.com\/wp-content\/uploads\/2024\/08\/Photoroom_20240820_010022-2-1-1024x780.png 1024w, https:\/\/the--aurelian.com\/wp-content\/uploads\/2024\/08\/Photoroom_20240820_010022-2-1-768x585.png 768w, https:\/\/the--aurelian.com\/wp-content\/uploads\/2024\/08\/Photoroom_20240820_010022-2-1-1536x1170.png 1536w, https:\/\/the--aurelian.com\/wp-content\/uploads\/2024\/08\/Photoroom_20240820_010022-2-1-2000x1523.png 2000w, https:\/\/the--aurelian.com\/wp-content\/uploads\/2024\/08\/Photoroom_20240820_010022-2-1-1000x762.png 1000w, https:\/\/the--aurelian.com\/wp-content\/uploads\/2024\/08\/Photoroom_20240820_010022-2-1-1800x1371.png 1800w, https:\/\/the--aurelian.com\/wp-content\/uploads\/2024\/08\/Photoroom_20240820_010022-2-1-735x560.png 735w, https:\/\/the--aurelian.com\/wp-content\/uploads\/2024\/08\/Photoroom_20240820_010022-2-1-600x457.png 600w\" sizes=\"auto, (max-width: 2048px) 100vw, 2048px\" \/><div class=\"wp-block-cover__inner-container has-global-padding is-layout-constrained wp-block-cover-is-layout-constrained\">\n<h2 class=\"wp-block-heading has-text-align-center has-secondary-color has-text-color has-link-color wp-elements-bf4c371b85265d4fa73203c044e32fbe\"><strong><mark style=\"background-color:#f8edcf\" class=\"has-inline-color\">D\u00e9couvrez notre passion pour la nature \u00e0 travers nos services uniques : <\/mark><\/strong><\/h2>\n\n\n\n<h2 class=\"wp-block-heading has-text-align-center has-secondary-color has-text-color has-link-color wp-elements-0d9663c25d7aea563754efb4b5f13c25\"><strong><mark style=\"background-color:#f8edcf\" class=\"has-inline-color has-secondary-color\">des bijoux \u00e9thiques cr\u00e9\u00e9s \u00e0 partir de v\u00e9ritables ailes de papillons (cruelty free : voir <a href=\"https:\/\/the--aurelian.com\/?page_id=240\"><em>Notre histoire<\/em><\/a>), et des excursions inoubliables au Maroc. <\/mark><\/strong><br><\/h2>\n\n\n\n<h2 class=\"wp-block-heading has-text-align-center has-lightgrey-color has-text-color has-link-color wp-elements-f7b869437203983b4ee70fc25c86b391\"><mark style=\"background-color:#f8edcf\" class=\"has-inline-color has-secondary-color\"><strong>Plongez dans l&#8217;histoire fascinante des fossiles et des peintures rupestres, ou \u00e9merveillez-vous devant la beaut\u00e9 de la nature et des papillons locaux. <\/strong><br><strong>Rejoignez-nous pour une exp\u00e9rience authentique et enrichissante qui soutient la biodiversit\u00e9 et c\u00e9l\u00e8bre l&#8217;environnement.<\/strong><\/mark><\/h2>\n\n\n\n<div class=\"wp-block-buttons is-content-justification-center is-layout-flex wp-container-core-buttons-is-layout-a89b3969 wp-block-buttons-is-layout-flex\"><\/div>\n<\/div><\/div>\n\n\n\n<h2 class=\"wp-block-heading has-text-align-left has-secondary-color has-text-color\">D\u00e9couvrez notre activit\u00e9 et nos excursions<\/h2>\n\n\n\n<div class=\"wp-block-buttons is-content-justification-center is-layout-flex wp-container-core-buttons-is-layout-a89b3969 wp-block-buttons-is-layout-flex\">\n<div class=\"wp-block-button is-style-fill\"><a class=\"wp-block-button__link has-secondary-background-color has-background wp-element-button\" href=\"https:\/\/the--aurelian.com\/?page_id=94\">Excursion fossiles &amp; art rupestre<\/a><\/div>\n\n\n\n<div class=\"wp-block-button\"><a class=\"wp-block-button__link has-secondary-background-color has-background wp-element-button\" href=\"https:\/\/the--aurelian.com\/?page_id=190\">Excursion Nature &amp; papillons<\/a><\/div>\n\n\n\n<div class=\"wp-block-button\"><a class=\"wp-block-button__link has-secondary-background-color has-background has-text-align-center wp-element-button\" href=\"https:\/\/the--aurelian.com\/?product_cat=bijoux-papillons\">Boutique Bijoux<\/a><\/div>\n<\/div>\n\n\n\n<p><\/p>\n\n\n\n<div class=\"wp-block-group alignfull pattern_multiple_covers has-background has-global-padding is-layout-constrained wp-block-group-is-layout-constrained\" id=\"services\" style=\"background-color:#f8f8f8\">\n<h2 class=\"wp-block-heading has-text-align-left\">D\u00e9couvrez notre engagement environnemental et notre \u00e9quipe<\/h2>\n\n\n\n<div class=\"wp-block-columns is-layout-flex wp-container-core-columns-is-layout-28f84493 wp-block-columns-is-layout-flex\">\n<div class=\"wp-block-column is-layout-flow wp-block-column-is-layout-flow\" style=\"padding-top:0;padding-right:0;padding-bottom:0;padding-left:0\">\n<div class=\"wp-block-buttons is-content-justification-center is-layout-flex wp-container-core-buttons-is-layout-a89b3969 wp-block-buttons-is-layout-flex\">\n<div class=\"wp-block-button\"><a class=\"wp-block-button__link has-secondary-background-color has-background wp-element-button\" href=\"https:\/\/the--aurelian.com\/?page_id=8\">Notre histoire<\/a><\/div>\n<\/div>\n<\/div>\n<\/div>\n\n\n\n<p><\/p>\n<\/div>\n\n\n\n<div class=\"wp-block-group alignfull has-global-padding is-layout-constrained wp-block-group-is-layout-constrained\">\n<div class=\"wp-block-group has-white-background-color has-background has-global-padding is-layout-constrained wp-block-group-is-layout-constrained\" style=\"padding-top:var(--wp--preset--spacing--small);padding-bottom:var(--wp--preset--spacing--small)\">\n<div class=\"wp-block-columns is-layout-flex wp-container-core-columns-is-layout-c375d253 wp-block-columns-is-layout-flex\">\n<div class=\"wp-block-column is-vertically-aligned-center is-layout-flow wp-block-column-is-layout-flow\">\n<h2 class=\"wp-block-heading has-medium-font-size\" style=\"text-transform:uppercase\">Nos collaborations<\/h2>\n<\/div>\n<\/div>\n\n\n\n<div class=\"wp-block-columns is-layout-flex wp-container-core-columns-is-layout-28f84493 wp-block-columns-is-layout-flex\">\n<div class=\"wp-block-column is-layout-flow wp-block-column-is-layout-flow\">\n<figure class=\"wp-block-image aligncenter size-full\"><a href=\"https:\/\/www.booking.com\/hotel\/ma\/dar-el-kounouz.fr.html?aid=311089;label=dar-el-kounouz-5IwV2rmltzxuYqk0A4wnnQS392159182923:pl:ta:p1:p2:ac:ap:neg:fi:tikwd-12130504711:lp9055201:li:dec:dm:ppccp=UmFuZG9tSVYkc2RlIyh9Yf23yREhrOV9DIzdQnby_R8;ws=&amp;gclid=Cj0KCQjw5ea1BhC6ARIsAEOG5pwIqAY02XJSNi1D4XRrCzessqIqEGjJRgmh7dQR03b0PcN_mkeF0-UaAs0SEALw_wcB\"><img loading=\"lazy\" decoding=\"async\" width=\"928\" height=\"938\" src=\"http:\/\/the--aurelian.com\/wp-content\/uploads\/2024\/08\/Logo-final.png\" alt=\"\" class=\"wp-image-255\" srcset=\"https:\/\/the--aurelian.com\/wp-content\/uploads\/2024\/08\/Logo-final.png 928w, https:\/\/the--aurelian.com\/wp-content\/uploads\/2024\/08\/Logo-final-297x300.png 297w, https:\/\/the--aurelian.com\/wp-content\/uploads\/2024\/08\/Logo-final-768x776.png 768w, https:\/\/the--aurelian.com\/wp-content\/uploads\/2024\/08\/Logo-final-554x560.png 554w, https:\/\/the--aurelian.com\/wp-content\/uploads\/2024\/08\/Logo-final-600x606.png 600w\" sizes=\"auto, (max-width: 928px) 100vw, 928px\" \/><\/a><figcaption class=\"wp-element-caption\">Au coeur de Marrakech, le Riad Dar Al Kounouz<\/figcaption><\/figure>\n<\/div>\n\n\n\n<div class=\"wp-block-column is-layout-flow wp-block-column-is-layout-flow\">\n<figure class=\"wp-block-image aligncenter size-full\"><a href=\"https:\/\/aurocher.com\/\"><img loading=\"lazy\" decoding=\"async\" width=\"208\" height=\"130\" src=\"http:\/\/the--aurelian.com\/wp-content\/uploads\/2024\/08\/Capture-decran-2024-08-12-a-21.51.06.png\" alt=\"\" class=\"wp-image-257\"\/><\/a><figcaption class=\"wp-element-caption\">En plein Atlas, l&#8217;h\u00f4tel Au Rocher<\/figcaption><\/figure>\n<\/div>\n\n\n\n<div class=\"wp-block-column is-layout-flow wp-block-column-is-layout-flow\">\n<figure class=\"wp-block-image aligncenter size-full is-resized\"><a href=\"https:\/\/visitmarrakech.com\/\"><img loading=\"lazy\" decoding=\"async\" width=\"100\" height=\"104\" src=\"http:\/\/the--aurelian.com\/wp-content\/uploads\/2024\/08\/Capture-decran-2024-08-12-a-23.50.01.png\" alt=\"\" class=\"wp-image-259\" style=\"width:200px;height:auto\"\/><\/a><figcaption class=\"wp-element-caption\">Le site &#8220;Visit Marrakech &amp; r\u00e9gion&#8221;<\/figcaption><\/figure>\n<\/div>\n\n\n\n<div class=\"wp-block-column is-layout-flow wp-block-column-is-layout-flow\">\n<figure class=\"wp-block-image aligncenter size-full\"><a href=\"https:\/\/www.visitmorocco.com\/fr\/voyage\/marrakech\"><img loading=\"lazy\" decoding=\"async\" width=\"148\" height=\"136\" src=\"http:\/\/the--aurelian.com\/wp-content\/uploads\/2024\/08\/Capture-decran-2024-08-12-a-23.51.16.png\" alt=\"\" class=\"wp-image-260\"\/><\/a><figcaption class=\"wp-element-caption\">Le site &#8220;Maroc, terre de lumi\u00e8re&#8221;<\/figcaption><\/figure>\n<\/div>\n\n\n\n<div class=\"wp-block-column is-layout-flow wp-block-column-is-layout-flow\">\n<figure class=\"wp-block-image aligncenter size-full\"><a href=\"https:\/\/caelinamaximus.com\/\"><img loading=\"lazy\" decoding=\"async\" width=\"808\" height=\"982\" src=\"http:\/\/the--aurelian.com\/wp-content\/uploads\/2024\/08\/logo-net.png\" alt=\"\" class=\"wp-image-261\" srcset=\"https:\/\/the--aurelian.com\/wp-content\/uploads\/2024\/08\/logo-net.png 808w, https:\/\/the--aurelian.com\/wp-content\/uploads\/2024\/08\/logo-net-247x300.png 247w, https:\/\/the--aurelian.com\/wp-content\/uploads\/2024\/08\/logo-net-768x933.png 768w, https:\/\/the--aurelian.com\/wp-content\/uploads\/2024\/08\/logo-net-461x560.png 461w, https:\/\/the--aurelian.com\/wp-content\/uploads\/2024\/08\/logo-net-600x729.png 600w\" sizes=\"auto, (max-width: 808px) 100vw, 808px\" \/><\/a><figcaption class=\"wp-element-caption\">La marque CAELINA MAXIMUS<\/figcaption><\/figure>\n<\/div>\n<\/div>\n<\/div>\n<\/div>\n\n\n\n<div class=\"wp-block-group alignfull has-background has-global-padding is-layout-constrained wp-block-group-is-layout-constrained\" style=\"background-color:#f8f8f8\">\n<div class=\"wp-block-group has-global-padding is-layout-constrained wp-block-group-is-layout-constrained\" style=\"padding-top:var(--wp--preset--spacing--small);padding-bottom:var(--wp--preset--spacing--small)\">\n<div style=\"height:30px\" aria-hidden=\"true\" class=\"wp-block-spacer\"><\/div>\n\n\n\n<div class=\"wp-block-columns are-vertically-aligned-center is-layout-flex wp-container-core-columns-is-layout-c375d253 wp-block-columns-is-layout-flex\">\n<div class=\"wp-block-column is-vertically-aligned-center is-layout-flow wp-block-column-is-layout-flow\">\n<h2 class=\"wp-block-heading has-medium-font-size\" style=\"text-transform:uppercase\">Le bonheur de partager avec vous <\/h2>\n\n\n\n<figure class=\"wp-block-gallery has-nested-images columns-5 is-cropped wp-block-gallery-1 is-layout-flex wp-block-gallery-is-layout-flex\">\n<figure class=\"wp-block-image size-large\"><img loading=\"lazy\" decoding=\"async\" width=\"1024\" height=\"1024\" data-id=\"266\" src=\"https:\/\/the--aurelian.com\/wp-content\/uploads\/2024\/08\/Capture-decran-2024-08-13-a-00.13.31-1024x1024.png\" alt=\"\" class=\"wp-image-266\" srcset=\"https:\/\/the--aurelian.com\/wp-content\/uploads\/2024\/08\/Capture-decran-2024-08-13-a-00.13.31-1024x1024.png 1024w, https:\/\/the--aurelian.com\/wp-content\/uploads\/2024\/08\/Capture-decran-2024-08-13-a-00.13.31-300x300.png 300w, https:\/\/the--aurelian.com\/wp-content\/uploads\/2024\/08\/Capture-decran-2024-08-13-a-00.13.31-150x150.png 150w, https:\/\/the--aurelian.com\/wp-content\/uploads\/2024\/08\/Capture-decran-2024-08-13-a-00.13.31-768x767.png 768w, https:\/\/the--aurelian.com\/wp-content\/uploads\/2024\/08\/Capture-decran-2024-08-13-a-00.13.31-1000x999.png 1000w, https:\/\/the--aurelian.com\/wp-content\/uploads\/2024\/08\/Capture-decran-2024-08-13-a-00.13.31-280x280.png 280w, https:\/\/the--aurelian.com\/wp-content\/uploads\/2024\/08\/Capture-decran-2024-08-13-a-00.13.31-561x560.png 561w, https:\/\/the--aurelian.com\/wp-content\/uploads\/2024\/08\/Capture-decran-2024-08-13-a-00.13.31-600x599.png 600w, https:\/\/the--aurelian.com\/wp-content\/uploads\/2024\/08\/Capture-decran-2024-08-13-a-00.13.31-800x800.png 800w, https:\/\/the--aurelian.com\/wp-content\/uploads\/2024\/08\/Capture-decran-2024-08-13-a-00.13.31-200x200.png 200w, https:\/\/the--aurelian.com\/wp-content\/uploads\/2024\/08\/Capture-decran-2024-08-13-a-00.13.31.png 1374w\" sizes=\"auto, (max-width: 1024px) 100vw, 1024px\" \/><\/figure>\n\n\n\n<figure class=\"wp-block-image size-large\"><img loading=\"lazy\" decoding=\"async\" width=\"1024\" height=\"1024\" data-id=\"267\" src=\"https:\/\/the--aurelian.com\/wp-content\/uploads\/2024\/08\/Capture-decran-2024-08-13-a-00.14.20-1024x1024.png\" alt=\"\" class=\"wp-image-267\" srcset=\"https:\/\/the--aurelian.com\/wp-content\/uploads\/2024\/08\/Capture-decran-2024-08-13-a-00.14.20-1024x1024.png 1024w, https:\/\/the--aurelian.com\/wp-content\/uploads\/2024\/08\/Capture-decran-2024-08-13-a-00.14.20-300x300.png 300w, https:\/\/the--aurelian.com\/wp-content\/uploads\/2024\/08\/Capture-decran-2024-08-13-a-00.14.20-150x150.png 150w, https:\/\/the--aurelian.com\/wp-content\/uploads\/2024\/08\/Capture-decran-2024-08-13-a-00.14.20-768x769.png 768w, https:\/\/the--aurelian.com\/wp-content\/uploads\/2024\/08\/Capture-decran-2024-08-13-a-00.14.20-1000x1001.png 1000w, https:\/\/the--aurelian.com\/wp-content\/uploads\/2024\/08\/Capture-decran-2024-08-13-a-00.14.20-280x280.png 280w, https:\/\/the--aurelian.com\/wp-content\/uploads\/2024\/08\/Capture-decran-2024-08-13-a-00.14.20-559x560.png 559w, https:\/\/the--aurelian.com\/wp-content\/uploads\/2024\/08\/Capture-decran-2024-08-13-a-00.14.20-600x601.png 600w, https:\/\/the--aurelian.com\/wp-content\/uploads\/2024\/08\/Capture-decran-2024-08-13-a-00.14.20-800x800.png 800w, https:\/\/the--aurelian.com\/wp-content\/uploads\/2024\/08\/Capture-decran-2024-08-13-a-00.14.20-200x200.png 200w, https:\/\/the--aurelian.com\/wp-content\/uploads\/2024\/08\/Capture-decran-2024-08-13-a-00.14.20.png 1368w\" sizes=\"auto, (max-width: 1024px) 100vw, 1024px\" \/><\/figure>\n\n\n\n<figure class=\"wp-block-image size-large\"><img loading=\"lazy\" decoding=\"async\" width=\"1024\" height=\"1024\" data-id=\"269\" src=\"https:\/\/the--aurelian.com\/wp-content\/uploads\/2024\/08\/Capture-decran-2024-08-13-a-00.15.39-1024x1024.png\" alt=\"\" class=\"wp-image-269\" srcset=\"https:\/\/the--aurelian.com\/wp-content\/uploads\/2024\/08\/Capture-decran-2024-08-13-a-00.15.39-1024x1024.png 1024w, https:\/\/the--aurelian.com\/wp-content\/uploads\/2024\/08\/Capture-decran-2024-08-13-a-00.15.39-300x300.png 300w, https:\/\/the--aurelian.com\/wp-content\/uploads\/2024\/08\/Capture-decran-2024-08-13-a-00.15.39-150x150.png 150w, https:\/\/the--aurelian.com\/wp-content\/uploads\/2024\/08\/Capture-decran-2024-08-13-a-00.15.39-768x768.png 768w, https:\/\/the--aurelian.com\/wp-content\/uploads\/2024\/08\/Capture-decran-2024-08-13-a-00.15.39-1000x1000.png 1000w, https:\/\/the--aurelian.com\/wp-content\/uploads\/2024\/08\/Capture-decran-2024-08-13-a-00.15.39-280x280.png 280w, https:\/\/the--aurelian.com\/wp-content\/uploads\/2024\/08\/Capture-decran-2024-08-13-a-00.15.39-560x560.png 560w, https:\/\/the--aurelian.com\/wp-content\/uploads\/2024\/08\/Capture-decran-2024-08-13-a-00.15.39-600x600.png 600w, https:\/\/the--aurelian.com\/wp-content\/uploads\/2024\/08\/Capture-decran-2024-08-13-a-00.15.39-800x800.png 800w, https:\/\/the--aurelian.com\/wp-content\/uploads\/2024\/08\/Capture-decran-2024-08-13-a-00.15.39-200x200.png 200w, https:\/\/the--aurelian.com\/wp-content\/uploads\/2024\/08\/Capture-decran-2024-08-13-a-00.15.39.png 1370w\" sizes=\"auto, (max-width: 1024px) 100vw, 1024px\" \/><\/figure>\n\n\n\n<figure class=\"wp-block-image size-large\"><img loading=\"lazy\" decoding=\"async\" width=\"1024\" height=\"1024\" data-id=\"270\" src=\"https:\/\/the--aurelian.com\/wp-content\/uploads\/2024\/08\/Capture-decran-2024-08-13-a-00.16.04-1024x1024.png\" alt=\"\" class=\"wp-image-270\" srcset=\"https:\/\/the--aurelian.com\/wp-content\/uploads\/2024\/08\/Capture-decran-2024-08-13-a-00.16.04-1024x1024.png 1024w, https:\/\/the--aurelian.com\/wp-content\/uploads\/2024\/08\/Capture-decran-2024-08-13-a-00.16.04-300x300.png 300w, https:\/\/the--aurelian.com\/wp-content\/uploads\/2024\/08\/Capture-decran-2024-08-13-a-00.16.04-150x150.png 150w, https:\/\/the--aurelian.com\/wp-content\/uploads\/2024\/08\/Capture-decran-2024-08-13-a-00.16.04-768x767.png 768w, https:\/\/the--aurelian.com\/wp-content\/uploads\/2024\/08\/Capture-decran-2024-08-13-a-00.16.04-1000x999.png 1000w, https:\/\/the--aurelian.com\/wp-content\/uploads\/2024\/08\/Capture-decran-2024-08-13-a-00.16.04-280x280.png 280w, https:\/\/the--aurelian.com\/wp-content\/uploads\/2024\/08\/Capture-decran-2024-08-13-a-00.16.04-561x560.png 561w, https:\/\/the--aurelian.com\/wp-content\/uploads\/2024\/08\/Capture-decran-2024-08-13-a-00.16.04-600x599.png 600w, https:\/\/the--aurelian.com\/wp-content\/uploads\/2024\/08\/Capture-decran-2024-08-13-a-00.16.04-800x800.png 800w, https:\/\/the--aurelian.com\/wp-content\/uploads\/2024\/08\/Capture-decran-2024-08-13-a-00.16.04-200x200.png 200w, https:\/\/the--aurelian.com\/wp-content\/uploads\/2024\/08\/Capture-decran-2024-08-13-a-00.16.04.png 1366w\" sizes=\"auto, (max-width: 1024px) 100vw, 1024px\" \/><\/figure>\n\n\n\n<figure class=\"wp-block-image size-large\"><img loading=\"lazy\" decoding=\"async\" width=\"1024\" height=\"1024\" data-id=\"268\" src=\"https:\/\/the--aurelian.com\/wp-content\/uploads\/2024\/08\/Capture-decran-2024-08-13-a-00.14.59-1024x1024.png\" alt=\"\" class=\"wp-image-268\" srcset=\"https:\/\/the--aurelian.com\/wp-content\/uploads\/2024\/08\/Capture-decran-2024-08-13-a-00.14.59-1024x1024.png 1024w, https:\/\/the--aurelian.com\/wp-content\/uploads\/2024\/08\/Capture-decran-2024-08-13-a-00.14.59-300x300.png 300w, https:\/\/the--aurelian.com\/wp-content\/uploads\/2024\/08\/Capture-decran-2024-08-13-a-00.14.59-150x150.png 150w, https:\/\/the--aurelian.com\/wp-content\/uploads\/2024\/08\/Capture-decran-2024-08-13-a-00.14.59-768x767.png 768w, https:\/\/the--aurelian.com\/wp-content\/uploads\/2024\/08\/Capture-decran-2024-08-13-a-00.14.59-1000x999.png 1000w, https:\/\/the--aurelian.com\/wp-content\/uploads\/2024\/08\/Capture-decran-2024-08-13-a-00.14.59-280x280.png 280w, https:\/\/the--aurelian.com\/wp-content\/uploads\/2024\/08\/Capture-decran-2024-08-13-a-00.14.59-561x560.png 561w, https:\/\/the--aurelian.com\/wp-content\/uploads\/2024\/08\/Capture-decran-2024-08-13-a-00.14.59-600x599.png 600w, https:\/\/the--aurelian.com\/wp-content\/uploads\/2024\/08\/Capture-decran-2024-08-13-a-00.14.59-800x800.png 800w, https:\/\/the--aurelian.com\/wp-content\/uploads\/2024\/08\/Capture-decran-2024-08-13-a-00.14.59-200x200.png 200w, https:\/\/the--aurelian.com\/wp-content\/uploads\/2024\/08\/Capture-decran-2024-08-13-a-00.14.59.png 1370w\" sizes=\"auto, (max-width: 1024px) 100vw, 1024px\" \/><\/figure>\n<\/figure>\n<\/div>\n<\/div>\n<\/div>\n<\/div>\n\n\n\n<h3 class=\"wp-block-heading has-text-align-center has-text-color has-medium-font-size\" style=\"color:#fffffa;text-transform:uppercase\"><\/h3>\n\n\n\n<div class=\"wp-block-columns is-layout-flex wp-container-core-columns-is-layout-28f84493 wp-block-columns-is-layout-flex\">\n<div class=\"wp-block-column is-layout-flow wp-block-column-is-layout-flow\" style=\"flex-basis:100%\">\n<div class=\"wp-block-cover alignfull has-parallax is-position-center-center\" style=\"border-radius:0px;min-height:188px;aspect-ratio:unset;\"><span aria-hidden=\"true\" class=\"wp-block-cover__background has-black-background-color has-background-dim-40 has-background-dim\"><\/span><div class=\"wp-block-cover__image-background wp-image-24 has-parallax\" style=\"background-position:50% 50%;background-image:url(http:\/\/the--aurelian.com\/wp-content\/themes\/inspiro\/assets\/images\/StockSnap_89BQZ89TLH.jpg)\"><\/div><div class=\"wp-block-cover__inner-container is-layout-flow wp-block-cover-is-layout-flow\">\n<div class=\"wp-block-group has-global-padding is-layout-constrained wp-block-group-is-layout-constrained\">\n<div class=\"wp-block-columns is-layout-flex wp-container-core-columns-is-layout-28f84493 wp-block-columns-is-layout-flex\">\n<div class=\"wp-block-column is-layout-flow wp-block-column-is-layout-flow\">\n<h2 class=\"wp-block-heading has-text-align-center\">R\u00e9servez votre excursion<\/h2>\n\n\n\n<div class=\"wp-block-buttons is-content-justification-center is-layout-flex wp-container-core-buttons-is-layout-a89b3969 wp-block-buttons-is-layout-flex\">\n<div class=\"wp-block-button\"><a class=\"wp-block-button__link has-secondary-background-color has-background wp-element-button\" href=\"https:\/\/the--aurelian.com\/?page_id=289\">Je r\u00e9serve<\/a><\/div>\n<\/div>\n<\/div>\n\n\n\n<div class=\"wp-block-column is-layout-flow wp-block-column-is-layout-flow\">\n<h2 class=\"wp-block-heading has-text-align-center\">Contactez-nous<\/h2>\n\n\n\n<div class=\"wp-block-buttons is-content-justification-center is-layout-flex wp-container-core-buttons-is-layout-a89b3969 wp-block-buttons-is-layout-flex\">\n<div class=\"wp-block-button\"><a class=\"wp-block-button__link has-secondary-background-color has-background wp-element-button\" href=\"https:\/\/the--aurelian.com\/?page_id=9\">Contact<\/a><\/div>\n<\/div>\n<\/div>\n<\/div>\n<\/div>\n<\/div><\/div>\n<\/div>\n<\/div>\n","protected":false},"excerpt":{"rendered":"<p>D\u00e9couvrez notre activit\u00e9 et nos excursions D\u00e9couvrez notre engagement environnemental et notre \u00e9quipe Nos collaborations Le bonheur de partager avec vous<\/p>\n","protected":false},"author":1,"featured_media":0,"parent":0,"menu_order":0,"comment_status":"closed","ping_status":"closed","template":"","meta":{"_monsterinsights_skip_tracking":false,"_monsterinsights_sitenote_active":false,"_monsterinsights_sitenote_note":"","_monsterinsights_sitenote_category":0,"footnotes":""},"class_list":["post-7","page","type-page","status-publish","hentry"],"jetpack_sharing_enabled":true,"_links":{"self":[{"href":"https:\/\/the--aurelian.com\/index.php?rest_route=\/wp\/v2\/pages\/7","targetHints":{"allow":["GET"]}}],"collection":[{"href":"https:\/\/the--aurelian.com\/index.php?rest_route=\/wp\/v2\/pages"}],"about":[{"href":"https:\/\/the--aurelian.com\/index.php?rest_route=\/wp\/v2\/types\/page"}],"author":[{"embeddable":true,"href":"https:\/\/the--aurelian.com\/index.php?rest_route=\/wp\/v2\/users\/1"}],"replies":[{"embeddable":true,"href":"https:\/\/the--aurelian.com\/index.php?rest_route=%2Fwp%2Fv2%2Fcomments&post=7"}],"version-history":[{"count":37,"href":"https:\/\/the--aurelian.com\/index.php?rest_route=\/wp\/v2\/pages\/7\/revisions"}],"predecessor-version":[{"id":338,"href":"https:\/\/the--aurelian.com\/index.php?rest_route=\/wp\/v2\/pages\/7\/revisions\/338"}],"wp:attachment":[{"href":"https:\/\/the--aurelian.com\/index.php?rest_route=%2Fwp%2Fv2%2Fmedia&parent=7"}],"curies":[{"name":"wp","href":"https:\/\/api.w.org\/{rel}","templated":true}]}}