{"id":94,"date":"2024-08-04T09:14:04","date_gmt":"2024-08-04T07:14:04","guid":{"rendered":"https:\/\/the--aurelian.com\/?page_id=94"},"modified":"2024-08-04T10:20:41","modified_gmt":"2024-08-04T08:20:41","slug":"fossiles-du-maroc","status":"publish","type":"page","link":"https:\/\/the--aurelian.com\/?page_id=94","title":{"rendered":"Fossiles et gravures rupestres"},"content":{"rendered":"\n<p>Le Maroc, terre de myst\u00e8res et de tr\u00e9sors enfouis, est un v\u00e9ritable paradis pour les passionn\u00e9s de fossiles. Imaginez-vous arpenter des paysages majestueux, o\u00f9 chaque pas vous rapproche un peu plus des vestiges d\u2019un pass\u00e9 lointain, vieux de millions d&#8217;ann\u00e9es. Ce pays d&#8217;Afrique du Nord, riche en histoire et en biodiversit\u00e9, est l&#8217;une des destinations les plus fascinantes pour les amateurs de pal\u00e9ontologie et d&#8217;aventure.<\/p>\n\n\n\n<figure class=\"wp-block-gallery has-nested-images columns-default is-cropped wp-block-gallery-1 is-layout-flex wp-block-gallery-is-layout-flex\">\n<figure class=\"wp-block-image size-large\"><img loading=\"lazy\" decoding=\"async\" width=\"1024\" height=\"768\" data-id=\"96\" src=\"https:\/\/the--aurelian.com\/wp-content\/uploads\/2024\/08\/8d783a55-8ef9-4675-b66e-a231a6899f8b-1024x768.jpg\" alt=\"\" class=\"wp-image-96\" srcset=\"https:\/\/the--aurelian.com\/wp-content\/uploads\/2024\/08\/8d783a55-8ef9-4675-b66e-a231a6899f8b-1024x768.jpg 1024w, https:\/\/the--aurelian.com\/wp-content\/uploads\/2024\/08\/8d783a55-8ef9-4675-b66e-a231a6899f8b-300x225.jpg 300w, https:\/\/the--aurelian.com\/wp-content\/uploads\/2024\/08\/8d783a55-8ef9-4675-b66e-a231a6899f8b-768x576.jpg 768w, https:\/\/the--aurelian.com\/wp-content\/uploads\/2024\/08\/8d783a55-8ef9-4675-b66e-a231a6899f8b-1000x750.jpg 1000w, https:\/\/the--aurelian.com\/wp-content\/uploads\/2024\/08\/8d783a55-8ef9-4675-b66e-a231a6899f8b-747x560.jpg 747w, https:\/\/the--aurelian.com\/wp-content\/uploads\/2024\/08\/8d783a55-8ef9-4675-b66e-a231a6899f8b-600x450.jpg 600w, https:\/\/the--aurelian.com\/wp-content\/uploads\/2024\/08\/8d783a55-8ef9-4675-b66e-a231a6899f8b.jpg 1080w\" sizes=\"auto, (max-width: 1024px) 100vw, 1024px\" \/><\/figure>\n\n\n\n<figure class=\"wp-block-image size-large\"><img loading=\"lazy\" decoding=\"async\" width=\"960\" height=\"721\" data-id=\"104\" src=\"https:\/\/the--aurelian.com\/wp-content\/uploads\/2024\/08\/fcf3a573-51cc-4bd0-9327-d40c9f251f60.jpg\" alt=\"\" class=\"wp-image-104\" srcset=\"https:\/\/the--aurelian.com\/wp-content\/uploads\/2024\/08\/fcf3a573-51cc-4bd0-9327-d40c9f251f60.jpg 960w, https:\/\/the--aurelian.com\/wp-content\/uploads\/2024\/08\/fcf3a573-51cc-4bd0-9327-d40c9f251f60-300x225.jpg 300w, https:\/\/the--aurelian.com\/wp-content\/uploads\/2024\/08\/fcf3a573-51cc-4bd0-9327-d40c9f251f60-768x577.jpg 768w, https:\/\/the--aurelian.com\/wp-content\/uploads\/2024\/08\/fcf3a573-51cc-4bd0-9327-d40c9f251f60-746x560.jpg 746w, https:\/\/the--aurelian.com\/wp-content\/uploads\/2024\/08\/fcf3a573-51cc-4bd0-9327-d40c9f251f60-600x451.jpg 600w\" sizes=\"auto, (max-width: 960px) 100vw, 960px\" \/><\/figure>\n<\/figure>\n\n\n\n<p>D\u00e8s que vous posez le pied dans les r\u00e9gions embl\u00e9matiques comme l&#8217;Anti-Atlas ou le Sahara, vous \u00eates imm\u00e9diatement plong\u00e9 dans une \u00e9poque r\u00e9volue. Des trilobites aux ammonites, en passant par les impressionnants dinosaures et les majestueuses plantes fossilis\u00e9es, chaque d\u00e9couverte vous raconte une histoire unique et fascinante de la vie sur Terre il y a des mill\u00e9naires.<\/p>\n\n\n\n<p>Le village de Kem Kem, surnomm\u00e9 le &#8220;Jurassique Park marocain&#8221;, vous transporte au c\u0153ur d\u2019un monde peupl\u00e9 de g\u00e9ants pr\u00e9historiques. Les pal\u00e9ontologues y ont d\u00e9couvert des squelettes de Spinosaurus, un des plus grands dinosaures carnivores jamais identifi\u00e9s. Imaginez le frisson de marcher sur les traces de ces cr\u00e9atures titanesques, de sentir le poids de l&#8217;histoire entre vos mains en examinant des fragments d&#8217;os fossilis\u00e9s.<\/p>\n\n\n\n<p>Plus au nord, les montagnes de l&#8217;Anti-Atlas rec\u00e8lent des tr\u00e9sors datant de l&#8217;Ordovicien, il y a plus de 450 millions d&#8217;ann\u00e9es. Ces montagnes, \u00e9rod\u00e9es par le temps et les \u00e9l\u00e9ments, d\u00e9voilent des fossiles marins exquis, des trilobites aux coquillages, offrant un aper\u00e7u incroyable de la vie sous-marine \u00e0 cette \u00e9poque recul\u00e9e. Les gorges de M&#8217;Goun, quant \u00e0 elles, sont c\u00e9l\u00e8bres pour leurs empreintes de dinosaures, o\u00f9 vous pouvez marcher litt\u00e9ralement dans les pas de ces cr\u00e9atures anciennes.<\/p>\n\n\n\n<figure class=\"wp-block-gallery has-nested-images columns-default is-cropped wp-block-gallery-2 is-layout-flex wp-block-gallery-is-layout-flex\">\n<figure class=\"wp-block-image size-large\"><img loading=\"lazy\" decoding=\"async\" width=\"1024\" height=\"681\" data-id=\"103\" src=\"https:\/\/the--aurelian.com\/wp-content\/uploads\/2024\/08\/IMG_5770-1024x681.jpg\" alt=\"\" class=\"wp-image-103\" srcset=\"https:\/\/the--aurelian.com\/wp-content\/uploads\/2024\/08\/IMG_5770-1024x681.jpg 1024w, https:\/\/the--aurelian.com\/wp-content\/uploads\/2024\/08\/IMG_5770-300x199.jpg 300w, https:\/\/the--aurelian.com\/wp-content\/uploads\/2024\/08\/IMG_5770-768x511.jpg 768w, https:\/\/the--aurelian.com\/wp-content\/uploads\/2024\/08\/IMG_5770-1536x1021.jpg 1536w, https:\/\/the--aurelian.com\/wp-content\/uploads\/2024\/08\/IMG_5770-2048x1362.jpg 2048w, https:\/\/the--aurelian.com\/wp-content\/uploads\/2024\/08\/IMG_5770-2000x1330.jpg 2000w, https:\/\/the--aurelian.com\/wp-content\/uploads\/2024\/08\/IMG_5770-1000x665.jpg 1000w, https:\/\/the--aurelian.com\/wp-content\/uploads\/2024\/08\/IMG_5770-1800x1197.jpg 1800w, https:\/\/the--aurelian.com\/wp-content\/uploads\/2024\/08\/IMG_5770-842x560.jpg 842w, https:\/\/the--aurelian.com\/wp-content\/uploads\/2024\/08\/IMG_5770-600x399.jpg 600w\" sizes=\"auto, (max-width: 1024px) 100vw, 1024px\" \/><\/figure>\n\n\n\n<figure class=\"wp-block-image size-large\"><img loading=\"lazy\" decoding=\"async\" width=\"715\" height=\"536\" data-id=\"95\" src=\"https:\/\/the--aurelian.com\/wp-content\/uploads\/2024\/08\/2dcda9e3-7d00-44ce-bcde-14ea6406b834.jpg\" alt=\"\" class=\"wp-image-95\" srcset=\"https:\/\/the--aurelian.com\/wp-content\/uploads\/2024\/08\/2dcda9e3-7d00-44ce-bcde-14ea6406b834.jpg 715w, https:\/\/the--aurelian.com\/wp-content\/uploads\/2024\/08\/2dcda9e3-7d00-44ce-bcde-14ea6406b834-300x225.jpg 300w, https:\/\/the--aurelian.com\/wp-content\/uploads\/2024\/08\/2dcda9e3-7d00-44ce-bcde-14ea6406b834-600x450.jpg 600w\" sizes=\"auto, (max-width: 715px) 100vw, 715px\" \/><\/figure>\n\n\n\n<figure class=\"wp-block-image size-large\"><img loading=\"lazy\" decoding=\"async\" width=\"1024\" height=\"770\" data-id=\"98\" src=\"https:\/\/the--aurelian.com\/wp-content\/uploads\/2024\/08\/1650ad77-ad90-4493-88c7-be5ae81dd5e5-1024x770.jpg\" alt=\"\" class=\"wp-image-98\" srcset=\"https:\/\/the--aurelian.com\/wp-content\/uploads\/2024\/08\/1650ad77-ad90-4493-88c7-be5ae81dd5e5-1024x770.jpg 1024w, https:\/\/the--aurelian.com\/wp-content\/uploads\/2024\/08\/1650ad77-ad90-4493-88c7-be5ae81dd5e5-300x226.jpg 300w, https:\/\/the--aurelian.com\/wp-content\/uploads\/2024\/08\/1650ad77-ad90-4493-88c7-be5ae81dd5e5-768x578.jpg 768w, https:\/\/the--aurelian.com\/wp-content\/uploads\/2024\/08\/1650ad77-ad90-4493-88c7-be5ae81dd5e5-1000x752.jpg 1000w, https:\/\/the--aurelian.com\/wp-content\/uploads\/2024\/08\/1650ad77-ad90-4493-88c7-be5ae81dd5e5-744x560.jpg 744w, https:\/\/the--aurelian.com\/wp-content\/uploads\/2024\/08\/1650ad77-ad90-4493-88c7-be5ae81dd5e5-600x451.jpg 600w, https:\/\/the--aurelian.com\/wp-content\/uploads\/2024\/08\/1650ad77-ad90-4493-88c7-be5ae81dd5e5.jpg 1280w\" sizes=\"auto, (max-width: 1024px) 100vw, 1024px\" \/><\/figure>\n<\/figure>\n\n\n\n<p>D\u00e9couvrez aussi les merveilles cach\u00e9es des peintures et gravures rupestres du Maroc, v\u00e9ritables tr\u00e9sors de l&#8217;\u00e8re pr\u00e9historique. Nich\u00e9es au c\u0153ur de paysages \u00e9poustouflants, ces \u0153uvres d&#8217;art mill\u00e9naires racontent les histoires des anciens peuples qui ont habit\u00e9 cette terre. Les gravures \u00e9nigmatiques de l&#8217;Atlas et les peintures vibrantes du d\u00e9sert offrent un voyage fascinant \u00e0 travers le temps, r\u00e9v\u00e9lant des sc\u00e8nes de chasse, des rituels et des symboles myst\u00e9rieux. <\/p>\n\n\n\n<p>Venez explorer ces t\u00e9moignages uniques de la cr\u00e9ativit\u00e9 humaine et laissez-vous envo\u00fbter par la magie intemporelle des premiers artistes du Maroc.<\/p>\n\n\n\n<figure class=\"wp-block-gallery has-nested-images columns-default is-cropped wp-block-gallery-3 is-layout-flex wp-block-gallery-is-layout-flex\">\n<figure class=\"wp-block-image size-large\"><img loading=\"lazy\" decoding=\"async\" width=\"960\" height=\"721\" data-id=\"100\" src=\"https:\/\/the--aurelian.com\/wp-content\/uploads\/2024\/08\/70521d54-c1e9-42e1-8c8b-40d71182e15a.jpg\" alt=\"\" class=\"wp-image-100\" srcset=\"https:\/\/the--aurelian.com\/wp-content\/uploads\/2024\/08\/70521d54-c1e9-42e1-8c8b-40d71182e15a.jpg 960w, https:\/\/the--aurelian.com\/wp-content\/uploads\/2024\/08\/70521d54-c1e9-42e1-8c8b-40d71182e15a-300x225.jpg 300w, https:\/\/the--aurelian.com\/wp-content\/uploads\/2024\/08\/70521d54-c1e9-42e1-8c8b-40d71182e15a-768x577.jpg 768w, https:\/\/the--aurelian.com\/wp-content\/uploads\/2024\/08\/70521d54-c1e9-42e1-8c8b-40d71182e15a-746x560.jpg 746w, https:\/\/the--aurelian.com\/wp-content\/uploads\/2024\/08\/70521d54-c1e9-42e1-8c8b-40d71182e15a-600x451.jpg 600w\" sizes=\"auto, (max-width: 960px) 100vw, 960px\" \/><\/figure>\n\n\n\n<figure class=\"wp-block-image size-large\"><img loading=\"lazy\" decoding=\"async\" width=\"720\" height=\"723\" data-id=\"97\" src=\"https:\/\/the--aurelian.com\/wp-content\/uploads\/2024\/08\/87edf2ac-3852-43eb-9f8c-b1f34c01d4b3.jpg\" alt=\"\" class=\"wp-image-97\" srcset=\"https:\/\/the--aurelian.com\/wp-content\/uploads\/2024\/08\/87edf2ac-3852-43eb-9f8c-b1f34c01d4b3.jpg 720w, https:\/\/the--aurelian.com\/wp-content\/uploads\/2024\/08\/87edf2ac-3852-43eb-9f8c-b1f34c01d4b3-300x300.jpg 300w, https:\/\/the--aurelian.com\/wp-content\/uploads\/2024\/08\/87edf2ac-3852-43eb-9f8c-b1f34c01d4b3-150x150.jpg 150w, https:\/\/the--aurelian.com\/wp-content\/uploads\/2024\/08\/87edf2ac-3852-43eb-9f8c-b1f34c01d4b3-280x280.jpg 280w, https:\/\/the--aurelian.com\/wp-content\/uploads\/2024\/08\/87edf2ac-3852-43eb-9f8c-b1f34c01d4b3-558x560.jpg 558w, https:\/\/the--aurelian.com\/wp-content\/uploads\/2024\/08\/87edf2ac-3852-43eb-9f8c-b1f34c01d4b3-600x603.jpg 600w, https:\/\/the--aurelian.com\/wp-content\/uploads\/2024\/08\/87edf2ac-3852-43eb-9f8c-b1f34c01d4b3-200x200.jpg 200w\" sizes=\"auto, (max-width: 720px) 100vw, 720px\" \/><\/figure>\n\n\n\n<figure class=\"wp-block-image size-large\"><img loading=\"lazy\" decoding=\"async\" width=\"960\" height=\"721\" data-id=\"99\" src=\"https:\/\/the--aurelian.com\/wp-content\/uploads\/2024\/08\/5468bd5d-3de5-4a47-b58c-d875d503e16a.jpg\" alt=\"\" class=\"wp-image-99\" srcset=\"https:\/\/the--aurelian.com\/wp-content\/uploads\/2024\/08\/5468bd5d-3de5-4a47-b58c-d875d503e16a.jpg 960w, https:\/\/the--aurelian.com\/wp-content\/uploads\/2024\/08\/5468bd5d-3de5-4a47-b58c-d875d503e16a-300x225.jpg 300w, https:\/\/the--aurelian.com\/wp-content\/uploads\/2024\/08\/5468bd5d-3de5-4a47-b58c-d875d503e16a-768x577.jpg 768w, https:\/\/the--aurelian.com\/wp-content\/uploads\/2024\/08\/5468bd5d-3de5-4a47-b58c-d875d503e16a-746x560.jpg 746w, https:\/\/the--aurelian.com\/wp-content\/uploads\/2024\/08\/5468bd5d-3de5-4a47-b58c-d875d503e16a-600x451.jpg 600w\" sizes=\"auto, (max-width: 960px) 100vw, 960px\" \/><\/figure>\n<\/figure>\n\n\n\n<p>Visiter ces sites, c\u2019est aussi l&#8217;occasion de d\u00e9couvrir la richesse culturelle et l&#8217;hospitalit\u00e9 l\u00e9gendaire des habitants. Les artisans locaux, gardiens de ce patrimoine inestimable, se feront un plaisir de partager avec vous leurs connaissances et leurs anecdotes sur ces pr\u00e9cieux vestiges.<\/p>\n\n\n\n<p>Chaque fossile, chaque pierre, chaque peinture, chaque gravure raconte une histoire. En explorant ces lieux magiques, vous vous connectez avec une \u00e9poque oubli\u00e9e, une \u00e8re o\u00f9 des \u00eatres et cr\u00e9atures incroyables dominaient notre plan\u00e8te. Le Maroc vous invite \u00e0 un voyage extraordinaire \u00e0 travers le temps, un p\u00e9riple o\u00f9 la science et la l\u00e9gende se m\u00ealent pour r\u00e9v\u00e9ler les secrets de notre pass\u00e9.<\/p>\n\n\n\n<p>Alors, laissez-vous envo\u00fbter par le charme de ces tr\u00e9sors marocains. Plongez dans cette aventure unique propos\u00e9e par The Aurelian, o\u00f9 chaque d\u00e9couverte est une fen\u00eatre ouverte sur l\u2019histoire mill\u00e9naire de notre Terre.<\/p>\n\n\n\n<p>Nous n&#8217;attendons que vous pour r\u00e9v\u00e9ler ses tr\u00e9sors enfouis et vous offrir une exp\u00e9rience inoubliable.<\/p>\n\n\n\n<hr class=\"wp-block-separator has-alpha-channel-opacity is-style-wide\"\/>\n\n\n\n<h2 class=\"wp-block-heading\">Tarifs<\/h2>\n\n\n\n<figure class=\"wp-block-table\"><table class=\"has-fixed-layout\"><tbody><tr><td class=\"has-text-align-center\" data-align=\"center\">Excursion<\/td><td class=\"has-text-align-center\" data-align=\"center\">Circuit 2 jours<\/td><td class=\"has-text-align-center\" data-align=\"center\">Circuit 4 jours<\/td><\/tr><tr><td class=\"has-text-align-center\" data-align=\"center\">Tarif \/ personne (<em>moins de 5 participants<\/em>)<\/td><td class=\"has-text-align-center\" data-align=\"center\">100 \u20ac<\/td><td class=\"has-text-align-center\" data-align=\"center\">200 \u20ac<\/td><\/tr><tr><td class=\"has-text-align-center\" data-align=\"center\">Tarif \/ personne (<em>entre 5 et 8 participants<\/em>)<\/td><td class=\"has-text-align-center\" data-align=\"center\">80 \u20ac<\/td><td class=\"has-text-align-center\" data-align=\"center\">160 \u20ac<\/td><\/tr><\/tbody><\/table><\/figure>\n\n\n\n<h2 class=\"wp-block-heading\">Excursions propos\u00e9es <\/h2>\n\n\n\n<figure class=\"wp-block-table\"><table class=\"has-fixed-layout\"><tbody><tr><td class=\"has-text-align-center\" data-align=\"center\"><strong>Circuit 2 jours<\/strong><\/td><td class=\"has-text-align-center\" data-align=\"center\"><strong>Circuit 4 jours<\/strong><\/td><\/tr><tr><td class=\"has-text-align-center\" data-align=\"center\"><\/td><td class=\"has-text-align-center\" data-align=\"center\"><\/td><\/tr><\/tbody><\/table><\/figure>\n\n\n\n<p class=\"has-text-align-center\"><strong>Votre guide sera \u00e0 votre disposition durant tout votre voyage et saura rendre votre exp\u00e9rience riche et unique !<\/strong><\/p>\n\n\n\n<figure class=\"wp-block-image aligncenter size-large\"><img loading=\"lazy\" decoding=\"async\" width=\"1024\" height=\"792\" src=\"http:\/\/the--aurelian.com\/wp-content\/uploads\/2024\/08\/ac108b75-e2bf-42eb-8bf2-59401648eb53-1024x792.jpg\" alt=\"\" class=\"wp-image-102\" srcset=\"https:\/\/the--aurelian.com\/wp-content\/uploads\/2024\/08\/ac108b75-e2bf-42eb-8bf2-59401648eb53-1024x792.jpg 1024w, https:\/\/the--aurelian.com\/wp-content\/uploads\/2024\/08\/ac108b75-e2bf-42eb-8bf2-59401648eb53-300x232.jpg 300w, https:\/\/the--aurelian.com\/wp-content\/uploads\/2024\/08\/ac108b75-e2bf-42eb-8bf2-59401648eb53-768x594.jpg 768w, https:\/\/the--aurelian.com\/wp-content\/uploads\/2024\/08\/ac108b75-e2bf-42eb-8bf2-59401648eb53-1000x773.jpg 1000w, https:\/\/the--aurelian.com\/wp-content\/uploads\/2024\/08\/ac108b75-e2bf-42eb-8bf2-59401648eb53-724x560.jpg 724w, https:\/\/the--aurelian.com\/wp-content\/uploads\/2024\/08\/ac108b75-e2bf-42eb-8bf2-59401648eb53-600x464.jpg 600w, https:\/\/the--aurelian.com\/wp-content\/uploads\/2024\/08\/ac108b75-e2bf-42eb-8bf2-59401648eb53.jpg 1080w\" sizes=\"auto, (max-width: 1024px) 100vw, 1024px\" \/><\/figure>\n","protected":false},"excerpt":{"rendered":"<p>Le Maroc, terre de myst\u00e8res et de tr\u00e9sors enfouis, est un v\u00e9ritable paradis pour les passionn\u00e9s de fossiles. Imaginez-vous arpenter des paysages majestueux, o\u00f9 chaque pas vous rapproche un peu plus des vestiges d\u2019un pass\u00e9 lointain, vieux de millions d&#8217;ann\u00e9es. Ce pays d&#8217;Afrique du Nord, riche en histoire et en [&hellip;]<\/p>\n","protected":false},"author":1,"featured_media":0,"parent":0,"menu_order":0,"comment_status":"closed","ping_status":"closed","template":"","meta":{"_monsterinsights_skip_tracking":false,"_monsterinsights_sitenote_active":false,"_monsterinsights_sitenote_note":"","_monsterinsights_sitenote_category":0,"footnotes":""},"class_list":["post-94","page","type-page","status-publish","hentry"],"jetpack_sharing_enabled":true,"_links":{"self":[{"href":"https:\/\/the--aurelian.com\/index.php?rest_route=\/wp\/v2\/pages\/94","targetHints":{"allow":["GET"]}}],"collection":[{"href":"https:\/\/the--aurelian.com\/index.php?rest_route=\/wp\/v2\/pages"}],"about":[{"href":"https:\/\/the--aurelian.com\/index.php?rest_route=\/wp\/v2\/types\/page"}],"author":[{"embeddable":true,"href":"https:\/\/the--aurelian.com\/index.php?rest_route=\/wp\/v2\/users\/1"}],"replies":[{"embeddable":true,"href":"https:\/\/the--aurelian.com\/index.php?rest_route=%2Fwp%2Fv2%2Fcomments&post=94"}],"version-history":[{"count":5,"href":"https:\/\/the--aurelian.com\/index.php?rest_route=\/wp\/v2\/pages\/94\/revisions"}],"predecessor-version":[{"id":115,"href":"https:\/\/the--aurelian.com\/index.php?rest_route=\/wp\/v2\/pages\/94\/revisions\/115"}],"wp:attachment":[{"href":"https:\/\/the--aurelian.com\/index.php?rest_route=%2Fwp%2Fv2%2Fmedia&parent=94"}],"curies":[{"name":"wp","href":"https:\/\/api.w.org\/{rel}","templated":true}]}}